{"id":16,"date":"2023-10-17T09:59:55","date_gmt":"2023-10-17T13:59:55","guid":{"rendered":"https:\/\/magnitude.online\/ssats\/?page_id=16"},"modified":"2023-11-23T10:26:30","modified_gmt":"2023-11-23T15:26:30","slug":"nous-joindre","status":"publish","type":"page","link":"https:\/\/ssats.ca\/en\/nous-joindre\/","title":{"rendered":"Join us"},"content":{"rendered":"\t\t<div data-elementor-type=\"wp-page\" data-elementor-id=\"16\" class=\"elementor elementor-16\" data-elementor-post-type=\"page\">\n\t\t\t\t<div class=\"elementor-element elementor-element-bd4bbce e-flex e-con-boxed e-con e-parent\" data-id=\"bd4bbce\" data-element_type=\"container\" data-e-type=\"container\" data-settings=\"{&quot;background_background&quot;:&quot;classic&quot;}\">\n\t\t\t\t\t<div class=\"e-con-inner\">\n\t\t\t\t<div class=\"elementor-element elementor-element-c3d4be0 elementor-invisible elementor-widget elementor-widget-heading\" data-id=\"c3d4be0\" data-element_type=\"widget\" data-e-type=\"widget\" data-settings=\"{&quot;_animation&quot;:&quot;fadeInUp&quot;,&quot;_animation_delay&quot;:500}\" data-widget_type=\"heading.default\">\n\t\t\t\t<div class=\"elementor-widget-container\">\n\t\t\t\t\t<h2 class=\"elementor-heading-title elementor-size-default\">Nous joindre<\/h2>\t\t\t\t<\/div>\n\t\t\t\t<\/div>\n\t\t\t\t\t<\/div>\n\t\t\t\t<\/div>\n\t\t<div class=\"elementor-element elementor-element-31bf238 e-flex e-con-boxed e-con e-parent\" data-id=\"31bf238\" data-element_type=\"container\" data-e-type=\"container\">\n\t\t\t\t\t<div class=\"e-con-inner\">\n\t\t\t\t<div class=\"elementor-element elementor-element-d37c73a elementor-absolute breadbleu elementor-hidden-tablet elementor-hidden-mobile elementor-widget elementor-widget-image\" data-id=\"d37c73a\" data-element_type=\"widget\" data-e-type=\"widget\" data-settings=\"{&quot;_position&quot;:&quot;absolute&quot;}\" data-widget_type=\"image.default\">\n\t\t\t\t<div class=\"elementor-widget-container\">\n\t\t\t\t\t\t\t\t\t\t\t\t\t\t\t<img fetchpriority=\"high\" decoding=\"async\" width=\"511\" height=\"345\" src=\"https:\/\/ssats.ca\/wp-content\/uploads\/2023\/11\/coude-breadcrumb.png\" class=\"attachment-full size-full wp-image-437\" alt=\"\" srcset=\"https:\/\/ssats.ca\/wp-content\/uploads\/2023\/11\/coude-breadcrumb.png 511w, https:\/\/ssats.ca\/wp-content\/uploads\/2023\/11\/coude-breadcrumb-300x203.png 300w\" sizes=\"(max-width: 511px) 100vw, 511px\" \/>\t\t\t\t\t\t\t\t\t\t\t\t\t\t\t<\/div>\n\t\t\t\t<\/div>\n\t\t<div class=\"elementor-element elementor-element-ab45469 e-con-full e-flex e-con e-child\" data-id=\"ab45469\" data-element_type=\"container\" data-e-type=\"container\" data-settings=\"{&quot;background_background&quot;:&quot;classic&quot;}\">\n\t\t\t\t<div class=\"elementor-element elementor-element-4ed09e6 elementor-align-left elementor-widget elementor-widget-breadcrumbs\" data-id=\"4ed09e6\" data-element_type=\"widget\" data-e-type=\"widget\" data-widget_type=\"breadcrumbs.default\">\n\t\t\t\t<div class=\"elementor-widget-container\">\n\t\t\t\t\t<p id=\"breadcrumbs\"><span><span><a href=\"https:\/\/ssats.ca\/\">Accueil<\/a><\/span><\/span><\/p>\t\t\t\t<\/div>\n\t\t\t\t<\/div>\n\t\t\t\t<\/div>\n\t\t\t\t\t<\/div>\n\t\t\t\t<\/div>\n\t\t<div class=\"elementor-element elementor-element-f3e2b0a e-flex e-con-boxed e-con e-parent\" data-id=\"f3e2b0a\" data-element_type=\"container\" data-e-type=\"container\" data-settings=\"{&quot;background_background&quot;:&quot;classic&quot;}\">\n\t\t\t\t\t<div class=\"e-con-inner\">\n\t\t<div class=\"elementor-element elementor-element-4632012 e-con-full e-flex e-con e-child\" data-id=\"4632012\" data-element_type=\"container\" data-e-type=\"container\">\n\t\t\t\t<div class=\"elementor-element elementor-element-63a88ea elementor-widget__width-initial elementor-absolute e-transform elementor-widget elementor-widget-image\" data-id=\"63a88ea\" data-element_type=\"widget\" data-e-type=\"widget\" data-settings=\"{&quot;_position&quot;:&quot;absolute&quot;,&quot;_transform_rotateZ_effect_tablet&quot;:{&quot;unit&quot;:&quot;deg&quot;,&quot;size&quot;:115,&quot;sizes&quot;:[]},&quot;_transform_rotateZ_effect_mobile&quot;:{&quot;unit&quot;:&quot;deg&quot;,&quot;size&quot;:97,&quot;sizes&quot;:[]},&quot;_transform_rotateZ_effect&quot;:{&quot;unit&quot;:&quot;px&quot;,&quot;size&quot;:&quot;&quot;,&quot;sizes&quot;:[]}}\" data-widget_type=\"image.default\">\n\t\t\t\t<div class=\"elementor-widget-container\">\n\t\t\t\t\t\t\t\t\t\t\t\t\t\t\t<img decoding=\"async\" width=\"287\" height=\"301\" src=\"https:\/\/ssats.ca\/wp-content\/uploads\/2023\/10\/molecules.png\" class=\"attachment-full size-full wp-image-315\" alt=\"\" \/>\t\t\t\t\t\t\t\t\t\t\t\t\t\t\t<\/div>\n\t\t\t\t<\/div>\n\t\t<div class=\"elementor-element elementor-element-8471855 e-con-full e-flex e-con e-child\" data-id=\"8471855\" data-element_type=\"container\" data-e-type=\"container\">\n\t\t\t\t<div class=\"elementor-element elementor-element-7279eb6 elementor-widget elementor-widget-heading\" data-id=\"7279eb6\" data-element_type=\"widget\" data-e-type=\"widget\" data-widget_type=\"heading.default\">\n\t\t\t\t<div class=\"elementor-widget-container\">\n\t\t\t\t\t<h2 class=\"elementor-heading-title elementor-size-default\">Joignez-vous \u00e0 la conversation!<\/h2>\t\t\t\t<\/div>\n\t\t\t\t<\/div>\n\t\t\t\t<div class=\"elementor-element elementor-element-754c770 elementor-widget__width-initial elementor-widget-tablet__width-initial elementor-widget elementor-widget-text-editor\" data-id=\"754c770\" data-element_type=\"widget\" data-e-type=\"widget\" data-widget_type=\"text-editor.default\">\n\t\t\t\t<div class=\"elementor-widget-container\">\n\t\t\t\t\t\t\t\t\t<p class=\"p1\"><span class=\"s1\">Venez contribuer \u00e0 notre projet qui vise \u00e0 proposer des interlocuteurs sp\u00e9cialis\u00e9s f\u00e9d\u00e9r\u00e9s au sein d\u2019une communaut\u00e9 provinciale pour r\u00e9pondre aux enjeux du syst\u00e8me de sant\u00e9.<\/span><\/p>\t\t\t\t\t\t\t\t<\/div>\n\t\t\t\t<\/div>\n\t\t\t\t<\/div>\n\t\t<div class=\"elementor-element elementor-element-b31b856 e-con-full e-flex e-con e-child\" data-id=\"b31b856\" data-element_type=\"container\" data-e-type=\"container\" data-settings=\"{&quot;background_background&quot;:&quot;classic&quot;}\">\n\t\t\t\t<div class=\"elementor-element elementor-element-4ab0431 elementor-button-align-stretch elementor-widget elementor-widget-form\" data-id=\"4ab0431\" data-element_type=\"widget\" data-e-type=\"widget\" data-settings=\"{&quot;step_next_label&quot;:&quot;Next&quot;,&quot;step_previous_label&quot;:&quot;Previous&quot;,&quot;button_width&quot;:&quot;100&quot;,&quot;step_type&quot;:&quot;number_text&quot;,&quot;step_icon_shape&quot;:&quot;circle&quot;}\" data-widget_type=\"form.default\">\n\t\t\t\t<div class=\"elementor-widget-container\">\n\t\t\t\t\t\t\t<form class=\"elementor-form\" method=\"post\" name=\"New Form\" aria-label=\"New Form\">\n\t\t\t<input type=\"hidden\" name=\"post_id\" value=\"16\"\/>\n\t\t\t<input type=\"hidden\" name=\"form_id\" value=\"4ab0431\"\/>\n\t\t\t<input type=\"hidden\" name=\"referer_title\" value=\"Nous joindre - Communaut\u00e9s de pratiques SSATS\" \/>\n\n\t\t\t\t\t\t\t<input type=\"hidden\" name=\"queried_id\" value=\"16\"\/>\n\t\t\t\n\t\t\t<div class=\"elementor-form-fields-wrapper elementor-labels-\">\n\t\t\t\t\t\t\t\t<div class=\"elementor-field-type-text elementor-field-group elementor-column elementor-field-group-name elementor-col-100\">\n\t\t\t\t\t\t\t\t\t\t\t\t<label for=\"form-field-name\" class=\"elementor-field-label elementor-screen-only\">\n\t\t\t\t\t\t\t\tNom\t\t\t\t\t\t\t<\/label>\n\t\t\t\t\t\t\t\t\t\t\t\t\t\t<input size=\"1\" type=\"text\" name=\"form_fields[name]\" id=\"form-field-name\" class=\"elementor-field elementor-size-sm  elementor-field-textual\" placeholder=\"Nom\">\n\t\t\t\t\t\t\t\t\t\t\t<\/div>\n\t\t\t\t\t\t\t\t<div class=\"elementor-field-type-email elementor-field-group elementor-column elementor-field-group-email elementor-col-100 elementor-field-required\">\n\t\t\t\t\t\t\t\t\t\t\t\t<label for=\"form-field-email\" class=\"elementor-field-label elementor-screen-only\">\n\t\t\t\t\t\t\t\tCourriel\t\t\t\t\t\t\t<\/label>\n\t\t\t\t\t\t\t\t\t\t\t\t\t\t<input size=\"1\" type=\"email\" name=\"form_fields[email]\" id=\"form-field-email\" class=\"elementor-field elementor-size-sm  elementor-field-textual\" placeholder=\"Courriel\" required=\"required\">\n\t\t\t\t\t\t\t\t\t\t\t<\/div>\n\t\t\t\t\t\t\t\t<div class=\"elementor-field-type-textarea elementor-field-group elementor-column elementor-field-group-message elementor-col-100 elementor-field-required\">\n\t\t\t\t\t\t\t\t\t\t\t\t<label for=\"form-field-message\" class=\"elementor-field-label elementor-screen-only\">\n\t\t\t\t\t\t\t\tMessage\t\t\t\t\t\t\t<\/label>\n\t\t\t\t\t\t<textarea class=\"elementor-field-textual elementor-field  elementor-size-sm\" name=\"form_fields[message]\" id=\"form-field-message\" rows=\"4\" placeholder=\"Votre message\" required=\"required\"><\/textarea>\t\t\t\t<\/div>\n\t\t\t\t\t\t\t\t<div class=\"elementor-field-group elementor-column elementor-field-type-submit elementor-col-100 e-form__buttons\">\n\t\t\t\t\t<button class=\"elementor-button elementor-size-sm elementor-animation-pop\" type=\"submit\">\n\t\t\t\t\t\t<span class=\"elementor-button-content-wrapper\">\n\t\t\t\t\t\t\t\t\t\t\t\t\t\t\t<span class=\"elementor-button-icon\">\n\t\t\t\t\t\t\t\t\t<i aria-hidden=\"true\" class=\"fab fa-telegram-plane\"><\/i>\t\t\t\t\t\t\t\t\t\t\t\t\t\t\t\t\t<\/span>\n\t\t\t\t\t\t\t\t\t\t\t\t\t\t\t\t\t\t\t\t\t\t<span class=\"elementor-button-text\">Soumettre<\/span>\n\t\t\t\t\t\t\t\t\t\t\t\t\t<\/span>\n\t\t\t\t\t<\/button>\n\t\t\t\t<\/div>\n\t\t\t<\/div>\n\t\t<\/form>\n\t\t\t\t\t\t<\/div>\n\t\t\t\t<\/div>\n\t\t\t\t<\/div>\n\t\t\t\t<\/div>\n\t\t\t\t\t<\/div>\n\t\t\t\t<\/div>\n\t\t\t\t<\/div>\n\t\t","protected":false},"excerpt":{"rendered":"<p>Joignez-vous \u00e0 la conversation! Venez contribuer \u00e0 notre projet qui vise \u00e0 proposer des interlocuteurs sp\u00e9cialis\u00e9s f\u00e9d\u00e9r\u00e9s au sein d\u2019une communaut\u00e9 provinciale pour r\u00e9pondre aux enjeux du syst\u00e8me de sant\u00e9.<\/p>","protected":false},"author":2,"featured_media":0,"parent":0,"menu_order":0,"comment_status":"closed","ping_status":"closed","template":"","meta":{"footnotes":""},"class_list":["post-16","page","type-page","status-publish","hentry"],"yoast_head":"<!-- This site is optimized with the Yoast SEO plugin v27.5 - https:\/\/yoast.com\/product\/yoast-seo-wordpress\/ -->\n<title>Nous joindre - Communaut\u00e9s de pratiques SSATS<\/title>\n<meta name=\"robots\" content=\"index, follow, max-snippet:-1, max-image-preview:large, max-video-preview:-1\" \/>\n<link rel=\"canonical\" href=\"https:\/\/ssats.ca\/en\/nous-joindre\/\" \/>\n<meta property=\"og:locale\" content=\"en_US\" \/>\n<meta property=\"og:type\" content=\"article\" \/>\n<meta property=\"og:title\" content=\"Nous joindre - Communaut\u00e9s de pratiques SSATS\" \/>\n<meta property=\"og:description\" content=\"Joignez-vous \u00e0 la conversation! Venez contribuer \u00e0 notre projet qui vise \u00e0 proposer des interlocuteurs sp\u00e9cialis\u00e9s f\u00e9d\u00e9r\u00e9s au sein d\u2019une communaut\u00e9 provinciale pour r\u00e9pondre aux enjeux du syst\u00e8me de sant\u00e9.\" \/>\n<meta property=\"og:url\" content=\"https:\/\/ssats.ca\/en\/nous-joindre\/\" \/>\n<meta property=\"og:site_name\" content=\"Communaut\u00e9s de pratiques SSATS\" \/>\n<meta property=\"article:modified_time\" content=\"2023-11-23T15:26:30+00:00\" \/>\n<meta property=\"og:image\" content=\"https:\/\/ssats.ca\/wp-content\/uploads\/2023\/11\/coude-breadcrumb.png\" \/>\n<meta name=\"twitter:card\" content=\"summary_large_image\" \/>\n<meta name=\"twitter:label1\" content=\"Est. reading time\" \/>\n\t<meta name=\"twitter:data1\" content=\"1 minute\" \/>\n<script type=\"application\/ld+json\" class=\"yoast-schema-graph\">{\"@context\":\"https:\\\/\\\/schema.org\",\"@graph\":[{\"@type\":\"WebPage\",\"@id\":\"https:\\\/\\\/ssats.ca\\\/nous-joindre\\\/\",\"url\":\"https:\\\/\\\/ssats.ca\\\/nous-joindre\\\/\",\"name\":\"Nous joindre - Communaut\u00e9s de pratiques SSATS\",\"isPartOf\":{\"@id\":\"https:\\\/\\\/ssats.ca\\\/#website\"},\"primaryImageOfPage\":{\"@id\":\"https:\\\/\\\/ssats.ca\\\/nous-joindre\\\/#primaryimage\"},\"image\":{\"@id\":\"https:\\\/\\\/ssats.ca\\\/nous-joindre\\\/#primaryimage\"},\"thumbnailUrl\":\"https:\\\/\\\/ssats.ca\\\/wp-content\\\/uploads\\\/2023\\\/11\\\/coude-breadcrumb.png\",\"datePublished\":\"2023-10-17T13:59:55+00:00\",\"dateModified\":\"2023-11-23T15:26:30+00:00\",\"breadcrumb\":{\"@id\":\"https:\\\/\\\/ssats.ca\\\/nous-joindre\\\/#breadcrumb\"},\"inLanguage\":\"en-CA\",\"potentialAction\":[{\"@type\":\"ReadAction\",\"target\":[\"https:\\\/\\\/ssats.ca\\\/nous-joindre\\\/\"]}]},{\"@type\":\"ImageObject\",\"inLanguage\":\"en-CA\",\"@id\":\"https:\\\/\\\/ssats.ca\\\/nous-joindre\\\/#primaryimage\",\"url\":\"https:\\\/\\\/ssats.ca\\\/wp-content\\\/uploads\\\/2023\\\/11\\\/coude-breadcrumb.png\",\"contentUrl\":\"https:\\\/\\\/ssats.ca\\\/wp-content\\\/uploads\\\/2023\\\/11\\\/coude-breadcrumb.png\"},{\"@type\":\"BreadcrumbList\",\"@id\":\"https:\\\/\\\/ssats.ca\\\/nous-joindre\\\/#breadcrumb\",\"itemListElement\":[{\"@type\":\"ListItem\",\"position\":1,\"name\":\"Accueil\",\"item\":\"https:\\\/\\\/ssats.ca\\\/\"},{\"@type\":\"ListItem\",\"position\":2,\"name\":\"Nous joindre\"}]},{\"@type\":\"WebSite\",\"@id\":\"https:\\\/\\\/ssats.ca\\\/#website\",\"url\":\"https:\\\/\\\/ssats.ca\\\/\",\"name\":\"Communaut\u00e9s de pratiques SSATS\",\"description\":\"Notre monde. Rendu meilleur. Gr\u00e2ce \u00e0 la recherche.\",\"publisher\":{\"@id\":\"https:\\\/\\\/ssats.ca\\\/#organization\"},\"alternateName\":\"SSATS\",\"potentialAction\":[{\"@type\":\"SearchAction\",\"target\":{\"@type\":\"EntryPoint\",\"urlTemplate\":\"https:\\\/\\\/ssats.ca\\\/?s={search_term_string}\"},\"query-input\":{\"@type\":\"PropertyValueSpecification\",\"valueRequired\":true,\"valueName\":\"search_term_string\"}}],\"inLanguage\":\"en-CA\"},{\"@type\":\"Organization\",\"@id\":\"https:\\\/\\\/ssats.ca\\\/#organization\",\"name\":\"Communaut\u00e9s de pratiques | Syst\u00e8mes de Sant\u00e9 Apprenants Trajectoires de Soins\",\"alternateName\":\"SSATS\",\"url\":\"https:\\\/\\\/ssats.ca\\\/\",\"logo\":{\"@type\":\"ImageObject\",\"inLanguage\":\"en-CA\",\"@id\":\"https:\\\/\\\/ssats.ca\\\/#\\\/schema\\\/logo\\\/image\\\/\",\"url\":\"https:\\\/\\\/ssats.ca\\\/wp-content\\\/uploads\\\/2023\\\/10\\\/cropped-ssats-logo.png\",\"contentUrl\":\"https:\\\/\\\/ssats.ca\\\/wp-content\\\/uploads\\\/2023\\\/10\\\/cropped-ssats-logo.png\",\"width\":466,\"height\":91,\"caption\":\"Communaut\u00e9s de pratiques | Syst\u00e8mes de Sant\u00e9 Apprenants Trajectoires de Soins\"},\"image\":{\"@id\":\"https:\\\/\\\/ssats.ca\\\/#\\\/schema\\\/logo\\\/image\\\/\"}}]}<\/script>\n<!-- \/ Yoast SEO plugin. -->","yoast_head_json":{"title":"Nous joindre - Communaut\u00e9s de pratiques SSATS","robots":{"index":"index","follow":"follow","max-snippet":"max-snippet:-1","max-image-preview":"max-image-preview:large","max-video-preview":"max-video-preview:-1"},"canonical":"https:\/\/ssats.ca\/en\/nous-joindre\/","og_locale":"en_US","og_type":"article","og_title":"Nous joindre - Communaut\u00e9s de pratiques SSATS","og_description":"Joignez-vous \u00e0 la conversation! Venez contribuer \u00e0 notre projet qui vise \u00e0 proposer des interlocuteurs sp\u00e9cialis\u00e9s f\u00e9d\u00e9r\u00e9s au sein d\u2019une communaut\u00e9 provinciale pour r\u00e9pondre aux enjeux du syst\u00e8me de sant\u00e9.","og_url":"https:\/\/ssats.ca\/en\/nous-joindre\/","og_site_name":"Communaut\u00e9s de pratiques SSATS","article_modified_time":"2023-11-23T15:26:30+00:00","og_image":[{"url":"https:\/\/ssats.ca\/wp-content\/uploads\/2023\/11\/coude-breadcrumb.png","type":"","width":"","height":""}],"twitter_card":"summary_large_image","twitter_misc":{"Est. reading time":"1 minute"},"schema":{"@context":"https:\/\/schema.org","@graph":[{"@type":"WebPage","@id":"https:\/\/ssats.ca\/nous-joindre\/","url":"https:\/\/ssats.ca\/nous-joindre\/","name":"Nous joindre - Communaut\u00e9s de pratiques SSATS","isPartOf":{"@id":"https:\/\/ssats.ca\/#website"},"primaryImageOfPage":{"@id":"https:\/\/ssats.ca\/nous-joindre\/#primaryimage"},"image":{"@id":"https:\/\/ssats.ca\/nous-joindre\/#primaryimage"},"thumbnailUrl":"https:\/\/ssats.ca\/wp-content\/uploads\/2023\/11\/coude-breadcrumb.png","datePublished":"2023-10-17T13:59:55+00:00","dateModified":"2023-11-23T15:26:30+00:00","breadcrumb":{"@id":"https:\/\/ssats.ca\/nous-joindre\/#breadcrumb"},"inLanguage":"en-CA","potentialAction":[{"@type":"ReadAction","target":["https:\/\/ssats.ca\/nous-joindre\/"]}]},{"@type":"ImageObject","inLanguage":"en-CA","@id":"https:\/\/ssats.ca\/nous-joindre\/#primaryimage","url":"https:\/\/ssats.ca\/wp-content\/uploads\/2023\/11\/coude-breadcrumb.png","contentUrl":"https:\/\/ssats.ca\/wp-content\/uploads\/2023\/11\/coude-breadcrumb.png"},{"@type":"BreadcrumbList","@id":"https:\/\/ssats.ca\/nous-joindre\/#breadcrumb","itemListElement":[{"@type":"ListItem","position":1,"name":"Accueil","item":"https:\/\/ssats.ca\/"},{"@type":"ListItem","position":2,"name":"Nous joindre"}]},{"@type":"WebSite","@id":"https:\/\/ssats.ca\/#website","url":"https:\/\/ssats.ca\/","name":"Communaut\u00e9s de pratiques SSATS","description":"Our world. Improved. Thanks to research.","publisher":{"@id":"https:\/\/ssats.ca\/#organization"},"alternateName":"SSATS","potentialAction":[{"@type":"SearchAction","target":{"@type":"EntryPoint","urlTemplate":"https:\/\/ssats.ca\/?s={search_term_string}"},"query-input":{"@type":"PropertyValueSpecification","valueRequired":true,"valueName":"search_term_string"}}],"inLanguage":"en-CA"},{"@type":"Organization","@id":"https:\/\/ssats.ca\/#organization","name":"Communaut\u00e9s de pratiques | Syst\u00e8mes de Sant\u00e9 Apprenants Trajectoires de Soins","alternateName":"SSATS","url":"https:\/\/ssats.ca\/","logo":{"@type":"ImageObject","inLanguage":"en-CA","@id":"https:\/\/ssats.ca\/#\/schema\/logo\/image\/","url":"https:\/\/ssats.ca\/wp-content\/uploads\/2023\/10\/cropped-ssats-logo.png","contentUrl":"https:\/\/ssats.ca\/wp-content\/uploads\/2023\/10\/cropped-ssats-logo.png","width":466,"height":91,"caption":"Communaut\u00e9s de pratiques | Syst\u00e8mes de Sant\u00e9 Apprenants Trajectoires de Soins"},"image":{"@id":"https:\/\/ssats.ca\/#\/schema\/logo\/image\/"}}]}},"_links":{"self":[{"href":"https:\/\/ssats.ca\/en\/wp-json\/wp\/v2\/pages\/16","targetHints":{"allow":["GET"]}}],"collection":[{"href":"https:\/\/ssats.ca\/en\/wp-json\/wp\/v2\/pages"}],"about":[{"href":"https:\/\/ssats.ca\/en\/wp-json\/wp\/v2\/types\/page"}],"author":[{"embeddable":true,"href":"https:\/\/ssats.ca\/en\/wp-json\/wp\/v2\/users\/2"}],"replies":[{"embeddable":true,"href":"https:\/\/ssats.ca\/en\/wp-json\/wp\/v2\/comments?post=16"}],"version-history":[{"count":94,"href":"https:\/\/ssats.ca\/en\/wp-json\/wp\/v2\/pages\/16\/revisions"}],"predecessor-version":[{"id":1260,"href":"https:\/\/ssats.ca\/en\/wp-json\/wp\/v2\/pages\/16\/revisions\/1260"}],"wp:attachment":[{"href":"https:\/\/ssats.ca\/en\/wp-json\/wp\/v2\/media?parent=16"}],"curies":[{"name":"wp","href":"https:\/\/api.w.org\/{rel}","templated":true}]}}