{"id":1449,"date":"2024-10-13T18:57:35","date_gmt":"2024-10-13T22:57:35","guid":{"rendered":"https:\/\/ssats.ca\/?page_id=1449"},"modified":"2025-01-10T14:36:57","modified_gmt":"2025-01-10T19:36:57","slug":"media","status":"publish","type":"page","link":"https:\/\/ssats.ca\/en\/media\/","title":{"rendered":"Media"},"content":{"rendered":"<div data-elementor-type=\"wp-page\" data-elementor-id=\"1449\" class=\"elementor elementor-1449\" data-elementor-post-type=\"page\">\n\t\t\t\t<div class=\"elementor-element elementor-element-7f30d27 e-flex e-con-boxed e-con e-parent\" data-id=\"7f30d27\" data-element_type=\"container\" data-e-type=\"container\" data-settings=\"{&quot;background_background&quot;:&quot;classic&quot;}\">\n\t\t\t\t\t<div class=\"e-con-inner\">\n\t\t\t\t<div class=\"elementor-element elementor-element-fdc2703 elementor-invisible elementor-widget elementor-widget-heading\" data-id=\"fdc2703\" data-element_type=\"widget\" data-e-type=\"widget\" data-settings=\"{&quot;_animation&quot;:&quot;fadeInUp&quot;,&quot;_animation_delay&quot;:500}\" data-widget_type=\"heading.default\">\n\t\t\t\t<div class=\"elementor-widget-container\">\n\t\t\t\t\t<h2 class=\"elementor-heading-title elementor-size-default\">Media<\/h2>\t\t\t\t<\/div>\n\t\t\t\t<\/div>\n\t\t\t\t\t<\/div>\n\t\t\t\t<\/div>\n\t\t<div class=\"elementor-element elementor-element-8e2a768 e-flex e-con-boxed e-con e-parent\" data-id=\"8e2a768\" data-element_type=\"container\" data-e-type=\"container\">\n\t\t\t\t\t<div class=\"e-con-inner\">\n\t\t\t\t<div class=\"elementor-element elementor-element-6bd4fda elementor-absolute breadbleu elementor-hidden-tablet elementor-hidden-mobile elementor-widget elementor-widget-image\" data-id=\"6bd4fda\" data-element_type=\"widget\" data-e-type=\"widget\" data-settings=\"{&quot;_position&quot;:&quot;absolute&quot;}\" data-widget_type=\"image.default\">\n\t\t\t\t<div class=\"elementor-widget-container\">\n\t\t\t\t\t\t\t\t\t\t\t\t\t\t\t<img fetchpriority=\"high\" decoding=\"async\" width=\"511\" height=\"345\" src=\"https:\/\/ssats.ca\/wp-content\/uploads\/2023\/11\/coude-breadcrumb.png\" class=\"attachment-full size-full wp-image-437\" alt=\"\" srcset=\"https:\/\/ssats.ca\/wp-content\/uploads\/2023\/11\/coude-breadcrumb.png 511w, https:\/\/ssats.ca\/wp-content\/uploads\/2023\/11\/coude-breadcrumb-300x203.png 300w\" sizes=\"(max-width: 511px) 100vw, 511px\" \/>\t\t\t\t\t\t\t\t\t\t\t\t\t\t\t<\/div>\n\t\t\t\t<\/div>\n\t\t<div class=\"elementor-element elementor-element-ce7fa05 e-con-full e-flex e-con e-child\" data-id=\"ce7fa05\" data-element_type=\"container\" data-e-type=\"container\" data-settings=\"{&quot;background_background&quot;:&quot;classic&quot;}\">\n\t\t\t\t<div class=\"elementor-element elementor-element-92ad7de elementor-align-left elementor-widget elementor-widget-breadcrumbs\" data-id=\"92ad7de\" data-element_type=\"widget\" data-e-type=\"widget\" data-widget_type=\"breadcrumbs.default\">\n\t\t\t\t<div class=\"elementor-widget-container\">\n\t\t\t\t\t<p id=\"breadcrumbs\"><span><span><a href=\"https:\/\/ssats.ca\/en\/\">Home<\/a><\/span><\/span><\/p>\t\t\t\t<\/div>\n\t\t\t\t<\/div>\n\t\t\t\t<\/div>\n\t\t\t\t\t<\/div>\n\t\t\t\t<\/div>\n\t\t<div class=\"elementor-element elementor-element-3d741fe e-flex e-con-boxed e-con e-parent\" data-id=\"3d741fe\" data-element_type=\"container\" data-e-type=\"container\" data-settings=\"{&quot;background_background&quot;:&quot;classic&quot;}\">\n\t\t\t\t\t<div class=\"e-con-inner\">\n\t\t<div class=\"elementor-element elementor-element-07552f3 e-con-full e-flex e-con e-child\" data-id=\"07552f3\" data-element_type=\"container\" data-e-type=\"container\">\n\t\t\t\t<div class=\"elementor-element elementor-element-a68fe73 elementor-widget elementor-widget-heading\" data-id=\"a68fe73\" data-element_type=\"widget\" data-e-type=\"widget\" data-widget_type=\"heading.default\">\n\t\t\t\t<div class=\"elementor-widget-container\">\n\t\t\t\t\t<h2 class=\"elementor-heading-title elementor-size-default\">Videos<\/h2>\t\t\t\t<\/div>\n\t\t\t\t<\/div>\n\t\t\t\t<div class=\"elementor-element elementor-element-9c5d367 elementor-widget__width-initial elementor-absolute elementor-invisible elementor-widget elementor-widget-image\" data-id=\"9c5d367\" data-element_type=\"widget\" data-e-type=\"widget\" data-settings=\"{&quot;_position&quot;:&quot;absolute&quot;,&quot;_animation&quot;:&quot;pulse&quot;}\" data-widget_type=\"image.default\">\n\t\t\t\t<div class=\"elementor-widget-container\">\n\t\t\t\t\t\t\t\t\t\t\t\t\t\t\t<img decoding=\"async\" width=\"287\" height=\"301\" src=\"https:\/\/ssats.ca\/wp-content\/uploads\/2023\/10\/molecules.png\" class=\"attachment-full size-full wp-image-315\" alt=\"\" \/>\t\t\t\t\t\t\t\t\t\t\t\t\t\t\t<\/div>\n\t\t\t\t<\/div>\n\t\t\t\t<\/div>\n\t\t\t\t\t<\/div>\n\t\t\t\t<\/div>\n\t\t<div class=\"elementor-element elementor-element-461a7f4 e-flex e-con-boxed e-con e-child\" data-id=\"461a7f4\" data-element_type=\"container\" data-e-type=\"container\">\n\t\t\t\t\t<div class=\"e-con-inner\">\n\t\t<div class=\"elementor-element elementor-element-66f8532 e-con-full e-flex e-con e-child\" data-id=\"66f8532\" data-element_type=\"container\" data-e-type=\"container\" data-settings=\"{&quot;background_background&quot;:&quot;classic&quot;}\">\n\t\t<div class=\"elementor-element elementor-element-c7a985c e-con-full e-flex e-con e-child\" data-id=\"c7a985c\" data-element_type=\"container\" data-e-type=\"container\">\n\t\t\t\t<div class=\"elementor-element elementor-element-de4c5eb elementor-widget__width-initial elementor-invisible elementor-widget elementor-widget-heading\" data-id=\"de4c5eb\" data-element_type=\"widget\" data-e-type=\"widget\" data-settings=\"{&quot;_animation&quot;:&quot;fadeInUp&quot;,&quot;_animation_delay&quot;:0}\" data-widget_type=\"heading.default\">\n\t\t\t\t<div class=\"elementor-widget-container\">\n\t\t\t\t\t<h3 class=\"elementor-heading-title elementor-size-default\">G\u00e9raldine and Jean-Baptiste talk about operationalizing learning health systems<\/h3>\t\t\t\t<\/div>\n\t\t\t\t<\/div>\n\t\t<div class=\"elementor-element elementor-element-9eb6800 e-con-full e-flex elementor-invisible e-con e-child\" data-id=\"9eb6800\" data-element_type=\"container\" data-e-type=\"container\" data-settings=\"{&quot;animation&quot;:&quot;fadeInUp&quot;,&quot;animation_delay&quot;:750}\">\n\t\t\t\t<div class=\"elementor-element elementor-element-5bd060b elementor-widget elementor-widget-video\" data-id=\"5bd060b\" data-element_type=\"widget\" data-e-type=\"widget\" data-settings=\"{&quot;youtube_url&quot;:&quot;https:\\\/\\\/www.youtube.com\\\/watch?v=vP0QE-7JEgQ &quot;,&quot;show_image_overlay&quot;:&quot;yes&quot;,&quot;image_overlay&quot;:{&quot;url&quot;:&quot;https:\\\/\\\/ssats.ca\\\/wp-content\\\/uploads\\\/2023\\\/10\\\/video_thumb.png&quot;,&quot;id&quot;:157,&quot;size&quot;:&quot;&quot;,&quot;alt&quot;:&quot;&quot;,&quot;source&quot;:&quot;library&quot;},&quot;lightbox&quot;:&quot;yes&quot;,&quot;lightbox_content_animation&quot;:&quot;fadeInUp&quot;,&quot;video_type&quot;:&quot;youtube&quot;,&quot;controls&quot;:&quot;yes&quot;}\" data-widget_type=\"video.default\">\n\t\t\t\t<div class=\"elementor-widget-container\">\n\t\t\t\t\t\t\t<div class=\"elementor-wrapper elementor-open-lightbox\">\n\t\t\t\t\t\t\t<div class=\"elementor-custom-embed-image-overlay\" data-elementor-open-lightbox=\"yes\" data-elementor-lightbox=\"{&quot;type&quot;:&quot;video&quot;,&quot;videoType&quot;:&quot;youtube&quot;,&quot;url&quot;:&quot;https:\\\/\\\/www.youtube.com\\\/embed\\\/vP0QE-7JEgQ ?feature=oembed&amp;start&amp;end&amp;wmode=opaque&amp;loop=0&amp;controls=1&amp;mute=0&amp;rel=0&amp;cc_load_policy=0&quot;,&quot;autoplay&quot;:&quot;&quot;,&quot;modalOptions&quot;:{&quot;id&quot;:&quot;elementor-lightbox-5bd060b&quot;,&quot;entranceAnimation&quot;:&quot;fadeInUp&quot;,&quot;entranceAnimation_tablet&quot;:&quot;&quot;,&quot;entranceAnimation_mobile&quot;:&quot;&quot;,&quot;videoAspectRatio&quot;:&quot;169&quot;}}\" data-e-action-hash=\"#elementor-action%3Aaction%3Dlightbox%26settings%3DeyJ0eXBlIjoidmlkZW8iLCJ2aWRlb1R5cGUiOiJ5b3V0dWJlIiwidXJsIjoiaHR0cHM6XC9cL3d3dy55b3V0dWJlLmNvbVwvZW1iZWRcL3ZQMFFFLTdKRWdRID9mZWF0dXJlPW9lbWJlZCZzdGFydCZlbmQmd21vZGU9b3BhcXVlJmxvb3A9MCZjb250cm9scz0xJm11dGU9MCZyZWw9MCZjY19sb2FkX3BvbGljeT0wIiwiYXV0b3BsYXkiOiIiLCJtb2RhbE9wdGlvbnMiOnsiaWQiOiJlbGVtZW50b3ItbGlnaHRib3gtNWJkMDYwYiIsImVudHJhbmNlQW5pbWF0aW9uIjoiZmFkZUluVXAiLCJlbnRyYW5jZUFuaW1hdGlvbl90YWJsZXQiOiIiLCJlbnRyYW5jZUFuaW1hdGlvbl9tb2JpbGUiOiIiLCJ2aWRlb0FzcGVjdFJhdGlvIjoiMTY5In19\">\n\t\t\t\t\t\t\t\t\t\t\t<img decoding=\"async\" width=\"1055\" height=\"701\" src=\"https:\/\/ssats.ca\/wp-content\/uploads\/2023\/10\/video_thumb.png\" class=\"attachment-full size-full wp-image-157\" alt=\"\" srcset=\"https:\/\/ssats.ca\/wp-content\/uploads\/2023\/10\/video_thumb.png 1055w, https:\/\/ssats.ca\/wp-content\/uploads\/2023\/10\/video_thumb-300x199.png 300w, https:\/\/ssats.ca\/wp-content\/uploads\/2023\/10\/video_thumb-1024x680.png 1024w, https:\/\/ssats.ca\/wp-content\/uploads\/2023\/10\/video_thumb-768x510.png 768w\" sizes=\"(max-width: 1055px) 100vw, 1055px\" \/>\t\t\t\t\t\t\t\t\t\t\t\t\t\t<\/div>\n\t\t\t\t\t<\/div>\n\t\t\t\t\t\t<\/div>\n\t\t\t\t<\/div>\n\t\t\t\t<\/div>\n\t\t\t\t<\/div>\n\t\t\t\t<\/div>\n\t\t\t\t\t<\/div>\n\t\t\t\t<\/div>\n\t\t\t\t<\/div>","protected":false},"excerpt":{"rendered":"<p>Vid\u00e9os G\u00e9raldine et Jean-Baptiste nous parlent de l\u2019op\u00e9rationnalisation des syst\u00e8mes de sant\u00e9 apprenants. https:\/\/www.youtube.com\/watch?v=vP0QE-7JEgQ%20<\/p>","protected":false},"author":4,"featured_media":0,"parent":0,"menu_order":0,"comment_status":"closed","ping_status":"closed","template":"","meta":{"footnotes":""},"class_list":["post-1449","page","type-page","status-publish","hentry"],"yoast_head":"<!-- This site is optimized with the Yoast SEO plugin v27.3 - https:\/\/yoast.com\/product\/yoast-seo-wordpress\/ -->\n<title>M\u00e9dia - Communaut\u00e9s de pratiques SSATS<\/title>\n<meta name=\"robots\" content=\"index, follow, max-snippet:-1, max-image-preview:large, max-video-preview:-1\" \/>\n<link rel=\"canonical\" href=\"https:\/\/ssats.ca\/en\/media\/\" \/>\n<meta property=\"og:locale\" content=\"en_US\" \/>\n<meta property=\"og:type\" content=\"article\" \/>\n<meta property=\"og:title\" content=\"M\u00e9dia - Communaut\u00e9s de pratiques SSATS\" \/>\n<meta property=\"og:description\" content=\"Vid\u00e9os G\u00e9raldine et Jean-Baptiste nous parlent de l\u2019op\u00e9rationnalisation des syst\u00e8mes de sant\u00e9 apprenants. https:\/\/www.youtube.com\/watch?v=vP0QE-7JEgQ%20\" \/>\n<meta property=\"og:url\" content=\"https:\/\/ssats.ca\/en\/media\/\" \/>\n<meta property=\"og:site_name\" content=\"Communaut\u00e9s de pratiques SSATS\" \/>\n<meta property=\"article:modified_time\" content=\"2025-01-10T19:36:57+00:00\" \/>\n<meta property=\"og:image\" content=\"https:\/\/ssats.ca\/wp-content\/uploads\/2023\/11\/coude-breadcrumb.png\" \/>\n\t<meta property=\"og:image:width\" content=\"511\" \/>\n\t<meta property=\"og:image:height\" content=\"345\" \/>\n\t<meta property=\"og:image:type\" content=\"image\/png\" \/>\n<meta name=\"twitter:card\" content=\"summary_large_image\" \/>\n<meta name=\"twitter:label1\" content=\"Est. reading time\" \/>\n\t<meta name=\"twitter:data1\" content=\"1 minute\" \/>\n<script type=\"application\/ld+json\" class=\"yoast-schema-graph\">{\"@context\":\"https:\\\/\\\/schema.org\",\"@graph\":[{\"@type\":\"WebPage\",\"@id\":\"https:\\\/\\\/ssats.ca\\\/media\\\/\",\"url\":\"https:\\\/\\\/ssats.ca\\\/media\\\/\",\"name\":\"M\u00e9dia - Communaut\u00e9s de pratiques SSATS\",\"isPartOf\":{\"@id\":\"https:\\\/\\\/ssats.ca\\\/#website\"},\"primaryImageOfPage\":{\"@id\":\"https:\\\/\\\/ssats.ca\\\/media\\\/#primaryimage\"},\"image\":{\"@id\":\"https:\\\/\\\/ssats.ca\\\/media\\\/#primaryimage\"},\"thumbnailUrl\":\"https:\\\/\\\/ssats.ca\\\/wp-content\\\/uploads\\\/2023\\\/11\\\/coude-breadcrumb.png\",\"datePublished\":\"2024-10-13T22:57:35+00:00\",\"dateModified\":\"2025-01-10T19:36:57+00:00\",\"breadcrumb\":{\"@id\":\"https:\\\/\\\/ssats.ca\\\/media\\\/#breadcrumb\"},\"inLanguage\":\"en-CA\",\"potentialAction\":[{\"@type\":\"ReadAction\",\"target\":[\"https:\\\/\\\/ssats.ca\\\/media\\\/\"]}]},{\"@type\":\"ImageObject\",\"inLanguage\":\"en-CA\",\"@id\":\"https:\\\/\\\/ssats.ca\\\/media\\\/#primaryimage\",\"url\":\"https:\\\/\\\/ssats.ca\\\/wp-content\\\/uploads\\\/2023\\\/11\\\/coude-breadcrumb.png\",\"contentUrl\":\"https:\\\/\\\/ssats.ca\\\/wp-content\\\/uploads\\\/2023\\\/11\\\/coude-breadcrumb.png\"},{\"@type\":\"BreadcrumbList\",\"@id\":\"https:\\\/\\\/ssats.ca\\\/media\\\/#breadcrumb\",\"itemListElement\":[{\"@type\":\"ListItem\",\"position\":1,\"name\":\"Accueil\",\"item\":\"https:\\\/\\\/ssats.ca\\\/\"},{\"@type\":\"ListItem\",\"position\":2,\"name\":\"M\u00e9dia\"}]},{\"@type\":\"WebSite\",\"@id\":\"https:\\\/\\\/ssats.ca\\\/#website\",\"url\":\"https:\\\/\\\/ssats.ca\\\/\",\"name\":\"Communaut\u00e9s de pratiques SSATS\",\"description\":\"Notre monde. Rendu meilleur. Gr\u00e2ce \u00e0 la recherche.\",\"publisher\":{\"@id\":\"https:\\\/\\\/ssats.ca\\\/#organization\"},\"alternateName\":\"SSATS\",\"potentialAction\":[{\"@type\":\"SearchAction\",\"target\":{\"@type\":\"EntryPoint\",\"urlTemplate\":\"https:\\\/\\\/ssats.ca\\\/?s={search_term_string}\"},\"query-input\":{\"@type\":\"PropertyValueSpecification\",\"valueRequired\":true,\"valueName\":\"search_term_string\"}}],\"inLanguage\":\"en-CA\"},{\"@type\":\"Organization\",\"@id\":\"https:\\\/\\\/ssats.ca\\\/#organization\",\"name\":\"Communaut\u00e9s de pratiques | Syst\u00e8mes de Sant\u00e9 Apprenants Trajectoires de Soins\",\"alternateName\":\"SSATS\",\"url\":\"https:\\\/\\\/ssats.ca\\\/\",\"logo\":{\"@type\":\"ImageObject\",\"inLanguage\":\"en-CA\",\"@id\":\"https:\\\/\\\/ssats.ca\\\/#\\\/schema\\\/logo\\\/image\\\/\",\"url\":\"https:\\\/\\\/ssats.ca\\\/wp-content\\\/uploads\\\/2023\\\/10\\\/cropped-ssats-logo.png\",\"contentUrl\":\"https:\\\/\\\/ssats.ca\\\/wp-content\\\/uploads\\\/2023\\\/10\\\/cropped-ssats-logo.png\",\"width\":466,\"height\":91,\"caption\":\"Communaut\u00e9s de pratiques | Syst\u00e8mes de Sant\u00e9 Apprenants Trajectoires de Soins\"},\"image\":{\"@id\":\"https:\\\/\\\/ssats.ca\\\/#\\\/schema\\\/logo\\\/image\\\/\"}}]}<\/script>\n<!-- \/ Yoast SEO plugin. -->","yoast_head_json":{"title":"M\u00e9dia - Communaut\u00e9s de pratiques SSATS","robots":{"index":"index","follow":"follow","max-snippet":"max-snippet:-1","max-image-preview":"max-image-preview:large","max-video-preview":"max-video-preview:-1"},"canonical":"https:\/\/ssats.ca\/en\/media\/","og_locale":"en_US","og_type":"article","og_title":"M\u00e9dia - Communaut\u00e9s de pratiques SSATS","og_description":"Vid\u00e9os G\u00e9raldine et Jean-Baptiste nous parlent de l\u2019op\u00e9rationnalisation des syst\u00e8mes de sant\u00e9 apprenants. https:\/\/www.youtube.com\/watch?v=vP0QE-7JEgQ%20","og_url":"https:\/\/ssats.ca\/en\/media\/","og_site_name":"Communaut\u00e9s de pratiques SSATS","article_modified_time":"2025-01-10T19:36:57+00:00","og_image":[{"width":511,"height":345,"url":"https:\/\/ssats.ca\/wp-content\/uploads\/2023\/11\/coude-breadcrumb.png","type":"image\/png"}],"twitter_card":"summary_large_image","twitter_misc":{"Est. reading time":"1 minute"},"schema":{"@context":"https:\/\/schema.org","@graph":[{"@type":"WebPage","@id":"https:\/\/ssats.ca\/media\/","url":"https:\/\/ssats.ca\/media\/","name":"M\u00e9dia - Communaut\u00e9s de pratiques SSATS","isPartOf":{"@id":"https:\/\/ssats.ca\/#website"},"primaryImageOfPage":{"@id":"https:\/\/ssats.ca\/media\/#primaryimage"},"image":{"@id":"https:\/\/ssats.ca\/media\/#primaryimage"},"thumbnailUrl":"https:\/\/ssats.ca\/wp-content\/uploads\/2023\/11\/coude-breadcrumb.png","datePublished":"2024-10-13T22:57:35+00:00","dateModified":"2025-01-10T19:36:57+00:00","breadcrumb":{"@id":"https:\/\/ssats.ca\/media\/#breadcrumb"},"inLanguage":"en-CA","potentialAction":[{"@type":"ReadAction","target":["https:\/\/ssats.ca\/media\/"]}]},{"@type":"ImageObject","inLanguage":"en-CA","@id":"https:\/\/ssats.ca\/media\/#primaryimage","url":"https:\/\/ssats.ca\/wp-content\/uploads\/2023\/11\/coude-breadcrumb.png","contentUrl":"https:\/\/ssats.ca\/wp-content\/uploads\/2023\/11\/coude-breadcrumb.png"},{"@type":"BreadcrumbList","@id":"https:\/\/ssats.ca\/media\/#breadcrumb","itemListElement":[{"@type":"ListItem","position":1,"name":"Accueil","item":"https:\/\/ssats.ca\/"},{"@type":"ListItem","position":2,"name":"M\u00e9dia"}]},{"@type":"WebSite","@id":"https:\/\/ssats.ca\/#website","url":"https:\/\/ssats.ca\/","name":"Communaut\u00e9s de pratiques SSATS","description":"Our world. Improved. Thanks to research.","publisher":{"@id":"https:\/\/ssats.ca\/#organization"},"alternateName":"SSATS","potentialAction":[{"@type":"SearchAction","target":{"@type":"EntryPoint","urlTemplate":"https:\/\/ssats.ca\/?s={search_term_string}"},"query-input":{"@type":"PropertyValueSpecification","valueRequired":true,"valueName":"search_term_string"}}],"inLanguage":"en-CA"},{"@type":"Organization","@id":"https:\/\/ssats.ca\/#organization","name":"Communaut\u00e9s de pratiques | Syst\u00e8mes de Sant\u00e9 Apprenants Trajectoires de Soins","alternateName":"SSATS","url":"https:\/\/ssats.ca\/","logo":{"@type":"ImageObject","inLanguage":"en-CA","@id":"https:\/\/ssats.ca\/#\/schema\/logo\/image\/","url":"https:\/\/ssats.ca\/wp-content\/uploads\/2023\/10\/cropped-ssats-logo.png","contentUrl":"https:\/\/ssats.ca\/wp-content\/uploads\/2023\/10\/cropped-ssats-logo.png","width":466,"height":91,"caption":"Communaut\u00e9s de pratiques | Syst\u00e8mes de Sant\u00e9 Apprenants Trajectoires de Soins"},"image":{"@id":"https:\/\/ssats.ca\/#\/schema\/logo\/image\/"}}]}},"_links":{"self":[{"href":"https:\/\/ssats.ca\/en\/wp-json\/wp\/v2\/pages\/1449","targetHints":{"allow":["GET"]}}],"collection":[{"href":"https:\/\/ssats.ca\/en\/wp-json\/wp\/v2\/pages"}],"about":[{"href":"https:\/\/ssats.ca\/en\/wp-json\/wp\/v2\/types\/page"}],"author":[{"embeddable":true,"href":"https:\/\/ssats.ca\/en\/wp-json\/wp\/v2\/users\/4"}],"replies":[{"embeddable":true,"href":"https:\/\/ssats.ca\/en\/wp-json\/wp\/v2\/comments?post=1449"}],"version-history":[{"count":16,"href":"https:\/\/ssats.ca\/en\/wp-json\/wp\/v2\/pages\/1449\/revisions"}],"predecessor-version":[{"id":1888,"href":"https:\/\/ssats.ca\/en\/wp-json\/wp\/v2\/pages\/1449\/revisions\/1888"}],"wp:attachment":[{"href":"https:\/\/ssats.ca\/en\/wp-json\/wp\/v2\/media?parent=1449"}],"curies":[{"name":"wp","href":"https:\/\/api.w.org\/{rel}","templated":true}]}}