{"id":14,"date":"2023-10-17T09:59:33","date_gmt":"2023-10-17T13:59:33","guid":{"rendered":"https:\/\/magnitude.online\/ssats\/?page_id=14"},"modified":"2025-01-10T15:02:20","modified_gmt":"2025-01-10T20:02:20","slug":"transfert-de-connaissances","status":"publish","type":"page","link":"https:\/\/ssats.ca\/en\/transfert-de-connaissances\/","title":{"rendered":"Knowledge transfer"},"content":{"rendered":"<div data-elementor-type=\"wp-page\" data-elementor-id=\"14\" class=\"elementor elementor-14\" data-elementor-post-type=\"page\">\n\t\t\t\t<div class=\"elementor-element elementor-element-5d3721a e-flex e-con-boxed e-con e-parent\" data-id=\"5d3721a\" data-element_type=\"container\" data-e-type=\"container\" data-settings=\"{&quot;background_background&quot;:&quot;classic&quot;}\">\n\t\t\t\t\t<div class=\"e-con-inner\">\n\t\t\t\t<div class=\"elementor-element elementor-element-bc40c6f elementor-invisible elementor-widget elementor-widget-heading\" data-id=\"bc40c6f\" data-element_type=\"widget\" data-e-type=\"widget\" data-settings=\"{&quot;_animation&quot;:&quot;fadeInUp&quot;,&quot;_animation_delay&quot;:500}\" data-widget_type=\"heading.default\">\n\t\t\t\t<div class=\"elementor-widget-container\">\n\t\t\t\t\t<h2 class=\"elementor-heading-title elementor-size-default\">Knowledge transfer<\/h2>\t\t\t\t<\/div>\n\t\t\t\t<\/div>\n\t\t\t\t\t<\/div>\n\t\t\t\t<\/div>\n\t\t<div class=\"elementor-element elementor-element-f3fa5d0 e-flex e-con-boxed e-con e-parent\" data-id=\"f3fa5d0\" data-element_type=\"container\" data-e-type=\"container\">\n\t\t\t\t\t<div class=\"e-con-inner\">\n\t\t\t\t<div class=\"elementor-element elementor-element-b09b691 elementor-absolute breadbleu elementor-hidden-tablet elementor-hidden-mobile elementor-widget elementor-widget-image\" data-id=\"b09b691\" data-element_type=\"widget\" data-e-type=\"widget\" data-settings=\"{&quot;_position&quot;:&quot;absolute&quot;}\" data-widget_type=\"image.default\">\n\t\t\t\t<div class=\"elementor-widget-container\">\n\t\t\t\t\t\t\t\t\t\t\t\t\t\t\t<img fetchpriority=\"high\" decoding=\"async\" width=\"511\" height=\"345\" src=\"https:\/\/ssats.ca\/wp-content\/uploads\/2023\/11\/coude-breadcrumb.png\" class=\"attachment-full size-full wp-image-437\" alt=\"\" srcset=\"https:\/\/ssats.ca\/wp-content\/uploads\/2023\/11\/coude-breadcrumb.png 511w, https:\/\/ssats.ca\/wp-content\/uploads\/2023\/11\/coude-breadcrumb-300x203.png 300w\" sizes=\"(max-width: 511px) 100vw, 511px\" \/>\t\t\t\t\t\t\t\t\t\t\t\t\t\t\t<\/div>\n\t\t\t\t<\/div>\n\t\t<div class=\"elementor-element elementor-element-ad32d1d e-con-full e-flex e-con e-child\" data-id=\"ad32d1d\" data-element_type=\"container\" data-e-type=\"container\" data-settings=\"{&quot;background_background&quot;:&quot;classic&quot;}\">\n\t\t\t\t<div class=\"elementor-element elementor-element-4d4936a elementor-align-left elementor-widget elementor-widget-breadcrumbs\" data-id=\"4d4936a\" data-element_type=\"widget\" data-e-type=\"widget\" data-widget_type=\"breadcrumbs.default\">\n\t\t\t\t<div class=\"elementor-widget-container\">\n\t\t\t\t\t<p id=\"breadcrumbs\"><span><span><a href=\"https:\/\/ssats.ca\/en\/\">Home<\/a><\/span><\/span><\/p>\t\t\t\t<\/div>\n\t\t\t\t<\/div>\n\t\t\t\t<\/div>\n\t\t\t\t\t<\/div>\n\t\t\t\t<\/div>\n\t\t<div class=\"elementor-element elementor-element-2a7f44d e-grid e-con-boxed e-con e-parent\" data-id=\"2a7f44d\" data-element_type=\"container\" data-e-type=\"container\">\n\t\t\t\t\t<div class=\"e-con-inner\">\n\t\t\t\t<div class=\"elementor-element elementor-element-eef4b06 elementor-position-top elementor-widget elementor-widget-image-box\" data-id=\"eef4b06\" data-element_type=\"widget\" data-e-type=\"widget\" data-widget_type=\"image-box.default\">\n\t\t\t\t<div class=\"elementor-widget-container\">\n\t\t\t\t\t<div class=\"elementor-image-box-wrapper\"><figure class=\"elementor-image-box-img\"><a href=\"https:\/\/ssats.ca\/en\/conferences\/\" tabindex=\"-1\"><img decoding=\"async\" width=\"418\" height=\"418\" src=\"https:\/\/ssats.ca\/wp-content\/uploads\/2025\/01\/speaker-giving-talk-scientific-conference-audience-conference-hall-business-entrepreneurship-concept_561846-1015-1-e1736527223744.jpg\" class=\"attachment-full size-full wp-image-1842\" alt=\"\" srcset=\"https:\/\/ssats.ca\/wp-content\/uploads\/2025\/01\/speaker-giving-talk-scientific-conference-audience-conference-hall-business-entrepreneurship-concept_561846-1015-1-e1736527223744.jpg 418w, https:\/\/ssats.ca\/wp-content\/uploads\/2025\/01\/speaker-giving-talk-scientific-conference-audience-conference-hall-business-entrepreneurship-concept_561846-1015-1-e1736527223744-300x300.jpg 300w, https:\/\/ssats.ca\/wp-content\/uploads\/2025\/01\/speaker-giving-talk-scientific-conference-audience-conference-hall-business-entrepreneurship-concept_561846-1015-1-e1736527223744-150x150.jpg 150w, https:\/\/ssats.ca\/wp-content\/uploads\/2025\/01\/speaker-giving-talk-scientific-conference-audience-conference-hall-business-entrepreneurship-concept_561846-1015-1-e1736527223744-12x12.jpg 12w\" sizes=\"(max-width: 418px) 100vw, 418px\" \/><\/a><\/figure><div class=\"elementor-image-box-content\"><h3 class=\"elementor-image-box-title\"><a href=\"https:\/\/ssats.ca\/en\/conferences\/\">Conferences<\/a><\/h3><p class=\"elementor-image-box-description\">Discover the events in which our community members have taken part.<\/p><\/div><\/div>\t\t\t\t<\/div>\n\t\t\t\t<\/div>\n\t\t\t\t<div class=\"elementor-element elementor-element-2f335da elementor-position-top elementor-widget elementor-widget-image-box\" data-id=\"2f335da\" data-element_type=\"widget\" data-e-type=\"widget\" data-widget_type=\"image-box.default\">\n\t\t\t\t<div class=\"elementor-widget-container\">\n\t\t\t\t\t<div class=\"elementor-image-box-wrapper\"><figure class=\"elementor-image-box-img\"><a href=\"https:\/\/ssats.ca\/en\/pubblications\/\" tabindex=\"-1\"><img decoding=\"async\" width=\"1080\" height=\"1080\" src=\"https:\/\/ssats.ca\/wp-content\/uploads\/2025\/01\/background-catalogue-xl-e1736526573429.jpg\" class=\"attachment-full size-full wp-image-1807\" alt=\"\" srcset=\"https:\/\/ssats.ca\/wp-content\/uploads\/2025\/01\/background-catalogue-xl-e1736526573429.jpg 1080w, https:\/\/ssats.ca\/wp-content\/uploads\/2025\/01\/background-catalogue-xl-e1736526573429-300x300.jpg 300w, https:\/\/ssats.ca\/wp-content\/uploads\/2025\/01\/background-catalogue-xl-e1736526573429-1024x1024.jpg 1024w, https:\/\/ssats.ca\/wp-content\/uploads\/2025\/01\/background-catalogue-xl-e1736526573429-150x150.jpg 150w, https:\/\/ssats.ca\/wp-content\/uploads\/2025\/01\/background-catalogue-xl-e1736526573429-768x768.jpg 768w, https:\/\/ssats.ca\/wp-content\/uploads\/2025\/01\/background-catalogue-xl-e1736526573429-12x12.jpg 12w\" sizes=\"(max-width: 1080px) 100vw, 1080px\" \/><\/a><\/figure><div class=\"elementor-image-box-content\"><h3 class=\"elementor-image-box-title\"><a href=\"https:\/\/ssats.ca\/en\/pubblications\/\">Pubblications<\/a><\/h3><p class=\"elementor-image-box-description\">Discover our latest research articles, reviews and scientific achievements.<\/p><\/div><\/div>\t\t\t\t<\/div>\n\t\t\t\t<\/div>\n\t\t\t\t<div class=\"elementor-element elementor-element-516e472 elementor-position-top elementor-widget elementor-widget-image-box\" data-id=\"516e472\" data-element_type=\"widget\" data-e-type=\"widget\" data-widget_type=\"image-box.default\">\n\t\t\t\t<div class=\"elementor-widget-container\">\n\t\t\t\t\t<div class=\"elementor-image-box-wrapper\"><figure class=\"elementor-image-box-img\"><a href=\"https:\/\/ssats.ca\/en\/media\/\" tabindex=\"-1\"><img loading=\"lazy\" decoding=\"async\" width=\"1920\" height=\"1920\" src=\"https:\/\/ssats.ca\/wp-content\/uploads\/2025\/01\/wp7293419-1-scaled-e1736526709651.jpg\" class=\"attachment-full size-full wp-image-1829\" alt=\"\" srcset=\"https:\/\/ssats.ca\/wp-content\/uploads\/2025\/01\/wp7293419-1-scaled-e1736526709651.jpg 1920w, https:\/\/ssats.ca\/wp-content\/uploads\/2025\/01\/wp7293419-1-scaled-e1736526709651-300x300.jpg 300w, https:\/\/ssats.ca\/wp-content\/uploads\/2025\/01\/wp7293419-1-scaled-e1736526709651-1024x1024.jpg 1024w, https:\/\/ssats.ca\/wp-content\/uploads\/2025\/01\/wp7293419-1-scaled-e1736526709651-150x150.jpg 150w, https:\/\/ssats.ca\/wp-content\/uploads\/2025\/01\/wp7293419-1-scaled-e1736526709651-768x768.jpg 768w, https:\/\/ssats.ca\/wp-content\/uploads\/2025\/01\/wp7293419-1-scaled-e1736526709651-1536x1536.jpg 1536w, https:\/\/ssats.ca\/wp-content\/uploads\/2025\/01\/wp7293419-1-scaled-e1736526709651-12x12.jpg 12w\" sizes=\"(max-width: 1920px) 100vw, 1920px\" \/><\/a><\/figure><div class=\"elementor-image-box-content\"><h3 class=\"elementor-image-box-title\"><a href=\"https:\/\/ssats.ca\/en\/media\/\">Media<\/a><\/h3><p class=\"elementor-image-box-description\">Access videos, interviews and press articles about our initiatives.<\/p><\/div><\/div>\t\t\t\t<\/div>\n\t\t\t\t<\/div>\n\t\t\t\t\t<\/div>\n\t\t\t\t<\/div>\n\t\t\t\t<\/div>","protected":false},"excerpt":{"rendered":"<p>Conf\u00e9rences D\u00e9couvrez les \u00e9v\u00e9nements o\u00f9 les membres de nos communaut\u00e9s ont particip\u00e9. Publications D\u00e9couvrez nos derniers articles de recherche, revues et r\u00e9alisations scientifiques. M\u00e9dias Acc\u00e9dez \u00e0 des vid\u00e9os, interviews et articles de presse sur nos initiatives.<\/p>","protected":false},"author":2,"featured_media":0,"parent":0,"menu_order":0,"comment_status":"closed","ping_status":"closed","template":"","meta":{"footnotes":""},"class_list":["post-14","page","type-page","status-publish","hentry"],"yoast_head":"<!-- This site is optimized with the Yoast SEO plugin v27.5 - https:\/\/yoast.com\/product\/yoast-seo-wordpress\/ -->\n<title>Transfert de connaissances - Communaut\u00e9s de pratiques SSATS<\/title>\n<meta name=\"robots\" content=\"index, follow, max-snippet:-1, max-image-preview:large, max-video-preview:-1\" \/>\n<link rel=\"canonical\" href=\"https:\/\/ssats.ca\/en\/transfert-de-connaissances\/\" \/>\n<meta property=\"og:locale\" content=\"en_US\" \/>\n<meta property=\"og:type\" content=\"article\" \/>\n<meta property=\"og:title\" content=\"Transfert de connaissances - Communaut\u00e9s de pratiques SSATS\" \/>\n<meta property=\"og:description\" content=\"Conf\u00e9rences D\u00e9couvrez les \u00e9v\u00e9nements o\u00f9 les membres de nos communaut\u00e9s ont particip\u00e9. Publications D\u00e9couvrez nos derniers articles de recherche, revues et r\u00e9alisations scientifiques. M\u00e9dias Acc\u00e9dez \u00e0 des vid\u00e9os, interviews et articles de presse sur nos initiatives.\" \/>\n<meta property=\"og:url\" content=\"https:\/\/ssats.ca\/en\/transfert-de-connaissances\/\" \/>\n<meta property=\"og:site_name\" content=\"Communaut\u00e9s de pratiques SSATS\" \/>\n<meta property=\"article:modified_time\" content=\"2025-01-10T20:02:20+00:00\" \/>\n<meta property=\"og:image\" content=\"https:\/\/ssats.ca\/wp-content\/uploads\/2023\/11\/coude-breadcrumb.png\" \/>\n\t<meta property=\"og:image:width\" content=\"511\" \/>\n\t<meta property=\"og:image:height\" content=\"345\" \/>\n\t<meta property=\"og:image:type\" content=\"image\/png\" \/>\n<meta name=\"twitter:card\" content=\"summary_large_image\" \/>\n<meta name=\"twitter:label1\" content=\"Est. reading time\" \/>\n\t<meta name=\"twitter:data1\" content=\"1 minute\" \/>\n<script type=\"application\/ld+json\" class=\"yoast-schema-graph\">{\"@context\":\"https:\\\/\\\/schema.org\",\"@graph\":[{\"@type\":\"WebPage\",\"@id\":\"https:\\\/\\\/ssats.ca\\\/transfert-de-connaissances\\\/\",\"url\":\"https:\\\/\\\/ssats.ca\\\/transfert-de-connaissances\\\/\",\"name\":\"Transfert de connaissances - Communaut\u00e9s de pratiques SSATS\",\"isPartOf\":{\"@id\":\"https:\\\/\\\/ssats.ca\\\/#website\"},\"primaryImageOfPage\":{\"@id\":\"https:\\\/\\\/ssats.ca\\\/transfert-de-connaissances\\\/#primaryimage\"},\"image\":{\"@id\":\"https:\\\/\\\/ssats.ca\\\/transfert-de-connaissances\\\/#primaryimage\"},\"thumbnailUrl\":\"https:\\\/\\\/ssats.ca\\\/wp-content\\\/uploads\\\/2023\\\/11\\\/coude-breadcrumb.png\",\"datePublished\":\"2023-10-17T13:59:33+00:00\",\"dateModified\":\"2025-01-10T20:02:20+00:00\",\"breadcrumb\":{\"@id\":\"https:\\\/\\\/ssats.ca\\\/transfert-de-connaissances\\\/#breadcrumb\"},\"inLanguage\":\"en-CA\",\"potentialAction\":[{\"@type\":\"ReadAction\",\"target\":[\"https:\\\/\\\/ssats.ca\\\/transfert-de-connaissances\\\/\"]}]},{\"@type\":\"ImageObject\",\"inLanguage\":\"en-CA\",\"@id\":\"https:\\\/\\\/ssats.ca\\\/transfert-de-connaissances\\\/#primaryimage\",\"url\":\"https:\\\/\\\/ssats.ca\\\/wp-content\\\/uploads\\\/2023\\\/11\\\/coude-breadcrumb.png\",\"contentUrl\":\"https:\\\/\\\/ssats.ca\\\/wp-content\\\/uploads\\\/2023\\\/11\\\/coude-breadcrumb.png\"},{\"@type\":\"BreadcrumbList\",\"@id\":\"https:\\\/\\\/ssats.ca\\\/transfert-de-connaissances\\\/#breadcrumb\",\"itemListElement\":[{\"@type\":\"ListItem\",\"position\":1,\"name\":\"Accueil\",\"item\":\"https:\\\/\\\/ssats.ca\\\/\"},{\"@type\":\"ListItem\",\"position\":2,\"name\":\"Transfert de connaissances\"}]},{\"@type\":\"WebSite\",\"@id\":\"https:\\\/\\\/ssats.ca\\\/#website\",\"url\":\"https:\\\/\\\/ssats.ca\\\/\",\"name\":\"Communaut\u00e9s de pratiques SSATS\",\"description\":\"Notre monde. Rendu meilleur. Gr\u00e2ce \u00e0 la recherche.\",\"publisher\":{\"@id\":\"https:\\\/\\\/ssats.ca\\\/#organization\"},\"alternateName\":\"SSATS\",\"potentialAction\":[{\"@type\":\"SearchAction\",\"target\":{\"@type\":\"EntryPoint\",\"urlTemplate\":\"https:\\\/\\\/ssats.ca\\\/?s={search_term_string}\"},\"query-input\":{\"@type\":\"PropertyValueSpecification\",\"valueRequired\":true,\"valueName\":\"search_term_string\"}}],\"inLanguage\":\"en-CA\"},{\"@type\":\"Organization\",\"@id\":\"https:\\\/\\\/ssats.ca\\\/#organization\",\"name\":\"Communaut\u00e9s de pratiques | Syst\u00e8mes de Sant\u00e9 Apprenants Trajectoires de Soins\",\"alternateName\":\"SSATS\",\"url\":\"https:\\\/\\\/ssats.ca\\\/\",\"logo\":{\"@type\":\"ImageObject\",\"inLanguage\":\"en-CA\",\"@id\":\"https:\\\/\\\/ssats.ca\\\/#\\\/schema\\\/logo\\\/image\\\/\",\"url\":\"https:\\\/\\\/ssats.ca\\\/wp-content\\\/uploads\\\/2023\\\/10\\\/cropped-ssats-logo.png\",\"contentUrl\":\"https:\\\/\\\/ssats.ca\\\/wp-content\\\/uploads\\\/2023\\\/10\\\/cropped-ssats-logo.png\",\"width\":466,\"height\":91,\"caption\":\"Communaut\u00e9s de pratiques | Syst\u00e8mes de Sant\u00e9 Apprenants Trajectoires de Soins\"},\"image\":{\"@id\":\"https:\\\/\\\/ssats.ca\\\/#\\\/schema\\\/logo\\\/image\\\/\"}}]}<\/script>\n<!-- \/ Yoast SEO plugin. -->","yoast_head_json":{"title":"Transfert de connaissances - Communaut\u00e9s de pratiques SSATS","robots":{"index":"index","follow":"follow","max-snippet":"max-snippet:-1","max-image-preview":"max-image-preview:large","max-video-preview":"max-video-preview:-1"},"canonical":"https:\/\/ssats.ca\/en\/transfert-de-connaissances\/","og_locale":"en_US","og_type":"article","og_title":"Transfert de connaissances - Communaut\u00e9s de pratiques SSATS","og_description":"Conf\u00e9rences D\u00e9couvrez les \u00e9v\u00e9nements o\u00f9 les membres de nos communaut\u00e9s ont particip\u00e9. Publications D\u00e9couvrez nos derniers articles de recherche, revues et r\u00e9alisations scientifiques. M\u00e9dias Acc\u00e9dez \u00e0 des vid\u00e9os, interviews et articles de presse sur nos initiatives.","og_url":"https:\/\/ssats.ca\/en\/transfert-de-connaissances\/","og_site_name":"Communaut\u00e9s de pratiques SSATS","article_modified_time":"2025-01-10T20:02:20+00:00","og_image":[{"width":511,"height":345,"url":"https:\/\/ssats.ca\/wp-content\/uploads\/2023\/11\/coude-breadcrumb.png","type":"image\/png"}],"twitter_card":"summary_large_image","twitter_misc":{"Est. reading time":"1 minute"},"schema":{"@context":"https:\/\/schema.org","@graph":[{"@type":"WebPage","@id":"https:\/\/ssats.ca\/transfert-de-connaissances\/","url":"https:\/\/ssats.ca\/transfert-de-connaissances\/","name":"Transfert de connaissances - Communaut\u00e9s de pratiques SSATS","isPartOf":{"@id":"https:\/\/ssats.ca\/#website"},"primaryImageOfPage":{"@id":"https:\/\/ssats.ca\/transfert-de-connaissances\/#primaryimage"},"image":{"@id":"https:\/\/ssats.ca\/transfert-de-connaissances\/#primaryimage"},"thumbnailUrl":"https:\/\/ssats.ca\/wp-content\/uploads\/2023\/11\/coude-breadcrumb.png","datePublished":"2023-10-17T13:59:33+00:00","dateModified":"2025-01-10T20:02:20+00:00","breadcrumb":{"@id":"https:\/\/ssats.ca\/transfert-de-connaissances\/#breadcrumb"},"inLanguage":"en-CA","potentialAction":[{"@type":"ReadAction","target":["https:\/\/ssats.ca\/transfert-de-connaissances\/"]}]},{"@type":"ImageObject","inLanguage":"en-CA","@id":"https:\/\/ssats.ca\/transfert-de-connaissances\/#primaryimage","url":"https:\/\/ssats.ca\/wp-content\/uploads\/2023\/11\/coude-breadcrumb.png","contentUrl":"https:\/\/ssats.ca\/wp-content\/uploads\/2023\/11\/coude-breadcrumb.png"},{"@type":"BreadcrumbList","@id":"https:\/\/ssats.ca\/transfert-de-connaissances\/#breadcrumb","itemListElement":[{"@type":"ListItem","position":1,"name":"Accueil","item":"https:\/\/ssats.ca\/"},{"@type":"ListItem","position":2,"name":"Transfert de connaissances"}]},{"@type":"WebSite","@id":"https:\/\/ssats.ca\/#website","url":"https:\/\/ssats.ca\/","name":"Communaut\u00e9s de pratiques SSATS","description":"Our world. Improved. Thanks to research.","publisher":{"@id":"https:\/\/ssats.ca\/#organization"},"alternateName":"SSATS","potentialAction":[{"@type":"SearchAction","target":{"@type":"EntryPoint","urlTemplate":"https:\/\/ssats.ca\/?s={search_term_string}"},"query-input":{"@type":"PropertyValueSpecification","valueRequired":true,"valueName":"search_term_string"}}],"inLanguage":"en-CA"},{"@type":"Organization","@id":"https:\/\/ssats.ca\/#organization","name":"Communaut\u00e9s de pratiques | Syst\u00e8mes de Sant\u00e9 Apprenants Trajectoires de Soins","alternateName":"SSATS","url":"https:\/\/ssats.ca\/","logo":{"@type":"ImageObject","inLanguage":"en-CA","@id":"https:\/\/ssats.ca\/#\/schema\/logo\/image\/","url":"https:\/\/ssats.ca\/wp-content\/uploads\/2023\/10\/cropped-ssats-logo.png","contentUrl":"https:\/\/ssats.ca\/wp-content\/uploads\/2023\/10\/cropped-ssats-logo.png","width":466,"height":91,"caption":"Communaut\u00e9s de pratiques | Syst\u00e8mes de Sant\u00e9 Apprenants Trajectoires de Soins"},"image":{"@id":"https:\/\/ssats.ca\/#\/schema\/logo\/image\/"}}]}},"_links":{"self":[{"href":"https:\/\/ssats.ca\/en\/wp-json\/wp\/v2\/pages\/14","targetHints":{"allow":["GET"]}}],"collection":[{"href":"https:\/\/ssats.ca\/en\/wp-json\/wp\/v2\/pages"}],"about":[{"href":"https:\/\/ssats.ca\/en\/wp-json\/wp\/v2\/types\/page"}],"author":[{"embeddable":true,"href":"https:\/\/ssats.ca\/en\/wp-json\/wp\/v2\/users\/2"}],"replies":[{"embeddable":true,"href":"https:\/\/ssats.ca\/en\/wp-json\/wp\/v2\/comments?post=14"}],"version-history":[{"count":166,"href":"https:\/\/ssats.ca\/en\/wp-json\/wp\/v2\/pages\/14\/revisions"}],"predecessor-version":[{"id":1897,"href":"https:\/\/ssats.ca\/en\/wp-json\/wp\/v2\/pages\/14\/revisions\/1897"}],"wp:attachment":[{"href":"https:\/\/ssats.ca\/en\/wp-json\/wp\/v2\/media?parent=14"}],"curies":[{"name":"wp","href":"https:\/\/api.w.org\/{rel}","templated":true}]}}